{"id":675,"date":"2020-05-30T12:03:20","date_gmt":"2020-05-30T12:03:20","guid":{"rendered":"https:\/\/bezbedanrad.rs\/?page_id=675"},"modified":"2020-06-11T08:41:58","modified_gmt":"2020-06-11T08:41:58","slug":"statut","status":"publish","type":"page","link":"https:\/\/bezbedanrad.rs\/?page_id=675","title":{"rendered":"Ciljevi"},"content":{"rendered":"<h2>Pojedina\u010dni ciljevi Udru\u017eenja su:<\/h2>\n<ul>\n<li>1) Unapre\u0111enje stanja bezbednosti i zdravlja na radu;<\/li>\n<li>2) Edukacija i podizanje svesti poslodavaca, zaposlenih, mladih i op\u0161te populacije o zna\u010daju bezbednosti i zdravlja na radu;<\/li>\n<li>3) Razvijanje, podsticanje i pomaganje aktivnosti koje doprinose stalnom i sistematskom pobolj\u0161avanju i unapre\u0111enju bezbednosti i zdravlja na radu i uslova rada;<\/li>\n<li>4) Pra\u0107enje i sagledavanje problema u oblasti bezbednosti i zdravlja na radu;<\/li>\n<li>5) Definisanje kriterijuma, mera i aktivnosti za spre\u010davanje nesre\u0107a, povreda na radu i profesionalnih bolesti;<\/li>\n<li>6) Razmenjivanje iskustava i mi\u0161ljenja sa ostalim organizacijama i relevantnim institucijama o postoje\u0107im i novim zakonskim re\u0161enjima i propisima o bezbednosti i zdravlju na radz, kao i drugim pitanjima iz ove oblasti;<\/li>\n<li>7) Podsticanje i pomaganje nau\u010dno istra\u017eiva\u010dkog rada, stvarala\u0161tva i pronalaza\u0161tva u oblasti&nbsp; bezbednosti i zdravlja na radu;<\/li>\n<li>8) Umre\u017eavanje i saradnja profesionalaca, instituta i drugih organizacija iz oblasti bezbednosti i zdravlja na radu.<\/li>\n<\/ul>\n","protected":false},"excerpt":{"rendered":"<p>Pojedina\u010dni ciljevi Udru\u017eenja su: 1) Unapre\u0111enje stanja bezbednosti i zdravlja na radu; 2) Edukacija i podizanje svesti poslodavaca, zaposlenih, mladih i op\u0161te populacije o zna\u010daju bezbednosti i zdravlja na radu; 3) Razvijanje, podsticanje i pomaganje aktivnosti koje doprinose stalnom i sistematskom pobolj\u0161avanju i unapre\u0111enju bezbednosti i zdravlja na radu i uslova rada; 4) Pra\u0107enje i [&hellip;]<\/p>\n","protected":false},"author":2,"featured_media":390,"parent":0,"menu_order":0,"comment_status":"closed","ping_status":"closed","template":"","meta":{"footnotes":""},"class_list":["post-675","page","type-page","status-publish","has-post-thumbnail","hentry"],"_links":{"self":[{"href":"https:\/\/bezbedanrad.rs\/index.php?rest_route=\/wp\/v2\/pages\/675","targetHints":{"allow":["GET"]}}],"collection":[{"href":"https:\/\/bezbedanrad.rs\/index.php?rest_route=\/wp\/v2\/pages"}],"about":[{"href":"https:\/\/bezbedanrad.rs\/index.php?rest_route=\/wp\/v2\/types\/page"}],"author":[{"embeddable":true,"href":"https:\/\/bezbedanrad.rs\/index.php?rest_route=\/wp\/v2\/users\/2"}],"replies":[{"embeddable":true,"href":"https:\/\/bezbedanrad.rs\/index.php?rest_route=%2Fwp%2Fv2%2Fcomments&post=675"}],"version-history":[{"count":13,"href":"https:\/\/bezbedanrad.rs\/index.php?rest_route=\/wp\/v2\/pages\/675\/revisions"}],"predecessor-version":[{"id":951,"href":"https:\/\/bezbedanrad.rs\/index.php?rest_route=\/wp\/v2\/pages\/675\/revisions\/951"}],"wp:featuredmedia":[{"embeddable":true,"href":"https:\/\/bezbedanrad.rs\/index.php?rest_route=\/wp\/v2\/media\/390"}],"wp:attachment":[{"href":"https:\/\/bezbedanrad.rs\/index.php?rest_route=%2Fwp%2Fv2%2Fmedia&parent=675"}],"curies":[{"name":"wp","href":"https:\/\/api.w.org\/{rel}","templated":true}]}}