{"id":1051,"date":"2025-05-08T22:07:33","date_gmt":"2025-05-08T22:07:33","guid":{"rendered":"https:\/\/bezbedanrad.rs\/?page_id=1051"},"modified":"2025-05-08T23:03:59","modified_gmt":"2025-05-08T23:03:59","slug":"vesti","status":"publish","type":"page","link":"https:\/\/bezbedanrad.rs\/?page_id=1051","title":{"rendered":"Vesti"},"content":{"rendered":"\t\t<div data-elementor-type=\"wp-page\" data-elementor-id=\"1051\" class=\"elementor elementor-1051\">\n\t\t\t\t\t\t<section class=\"elementor-section elementor-top-section elementor-element elementor-element-6ad7d9a8 elementor-section-boxed elementor-section-height-default elementor-section-height-default\" data-id=\"6ad7d9a8\" data-element_type=\"section\" data-e-type=\"section\">\n\t\t\t\t\t\t<div class=\"elementor-container elementor-column-gap-default\">\n\t\t\t\t\t<div class=\"elementor-column elementor-col-100 elementor-top-column elementor-element elementor-element-24e7b957\" data-id=\"24e7b957\" data-element_type=\"column\" data-e-type=\"column\">\n\t\t\t<div class=\"elementor-widget-wrap elementor-element-populated\">\n\t\t\t\t\t\t<div class=\"elementor-element elementor-element-53ff04a1 elementor-widget elementor-widget-text-editor\" data-id=\"53ff04a1\" data-element_type=\"widget\" data-e-type=\"widget\" data-widget_type=\"text-editor.default\">\n\t\t\t\t<div class=\"elementor-widget-container\">\n\t\t\t\t\t\t\t\t\t<p><\/p>\n<h2 class=\"wp-block-heading\">Uspe\u0161na inicijativa Udru\u017eenja &#8220;Bezbedan rad&#8221; \u2013 Odlo\u017eena primena \u010detiri pravilnika<\/h2>\n<p><\/p>\n<p class=\"has-small-font-size\">28. april 2025.<\/p>\n<p><\/p>\n<p><\/p>\t\t\t\t\t\t\t\t<\/div>\n\t\t\t\t<\/div>\n\t\t\t\t<div class=\"elementor-element elementor-element-e2eefa1 elementor-widget elementor-widget-text-editor\" data-id=\"e2eefa1\" data-element_type=\"widget\" data-e-type=\"widget\" data-widget_type=\"text-editor.default\">\n\t\t\t\t<div class=\"elementor-widget-container\">\n\t\t\t\t\t\t\t\t\t<p class=\"has-medium-font-size\">Udru\u017eenje \u201eBezbedan rad\u201c, kao aktivna \u010dlanica Grupacije za bezbednost i zdravlje na radu u okviru Privredne komore Srbije, pokrenulo je inicijativu za odlaganje primene zakonskih i podzakonskih akata koji bi u ovom trenutku predstavljali veliko optere\u0107enje za privredu.<\/p>\n<p>\u00a0<\/p>\n<p class=\"has-medium-font-size\">Na osnovu te inicijative, na zahtev Privredne komore Srbije, odr\u017ean je sastanak u Vladi Republike Srbije, kome su prisustvovali predstavnici Zakonodavnog odbora, Uprave za bezbednost i zdravlje na radu, Inspektorata za rad i Privredne komore Srbije.<\/p>\n<p>\u00a0<\/p>\n<p class=\"has-medium-font-size\">Zahvaljuju\u0107i ovom zajedni\u010dkom anga\u017eovanju, doneta je odluka o\u00a0<strong>odlaganju primene \u010detiri pravilnika<\/strong>, \u010dime je dat dodatni prostor za pravilnu pripremu njihove primene u praksi.<\/p>\n<p>\u00a0<\/p>\n<p class=\"has-medium-font-size\">Zvani\u010dno saop\u0161tenje Ministarstva mo\u017eete pogledati na slede\u0107em linku:<br \/>\ud83d\udc49\u00a0<a class=\"\" href=\"https:\/\/www.minrzs.gov.rs\/sr\/aktuelnosti\/obavestenja\/saopstenje-za-javnost\">https:\/\/www.minrzs.gov.rs\/sr\/aktuelnosti\/obavestenja\/saopstenje-za-javnost<\/a><\/p>\n<p>\u00a0<\/p>\n<p class=\"has-medium-font-size\">Zahvaljujemo se Privrednoj komori Srbije i posebno kolegama Neboj\u0161i Maksimovi\u0107u i Aleksandru Gucunji na stru\u010dnom doprinosu.<\/p>\t\t\t\t\t\t\t\t<\/div>\n\t\t\t\t<\/div>\n\t\t\t\t\t<\/div>\n\t\t<\/div>\n\t\t\t\t\t<\/div>\n\t\t<\/section>\n\t\t\t\t<section class=\"elementor-section elementor-top-section elementor-element elementor-element-8e84815 elementor-section-boxed elementor-section-height-default elementor-section-height-default\" data-id=\"8e84815\" data-element_type=\"section\" data-e-type=\"section\">\n\t\t\t\t\t\t<div class=\"elementor-container elementor-column-gap-default\">\n\t\t\t\t\t<div class=\"elementor-column elementor-col-100 elementor-top-column elementor-element elementor-element-09bc536\" data-id=\"09bc536\" data-element_type=\"column\" data-e-type=\"column\">\n\t\t\t<div class=\"elementor-widget-wrap\">\n\t\t\t\t\t\t\t<\/div>\n\t\t<\/div>\n\t\t\t\t\t<\/div>\n\t\t<\/section>\n\t\t\t\t<\/div>\n\t\t","protected":false},"excerpt":{"rendered":"<p>Uspe\u0161na inicijativa Udru\u017eenja &#8220;Bezbedan rad&#8221; \u2013 Odlo\u017eena primena \u010detiri pravilnika 28. april 2025. Udru\u017eenje \u201eBezbedan rad\u201c, kao aktivna \u010dlanica Grupacije za bezbednost i zdravlje na radu u okviru Privredne komore Srbije, pokrenulo je inicijativu za odlaganje primene zakonskih i podzakonskih akata koji bi u ovom trenutku predstavljali veliko optere\u0107enje za privredu. \u00a0 Na osnovu te [&hellip;]<\/p>\n","protected":false},"author":2,"featured_media":0,"parent":0,"menu_order":0,"comment_status":"closed","ping_status":"closed","template":"","meta":{"footnotes":""},"class_list":["post-1051","page","type-page","status-publish","hentry"],"_links":{"self":[{"href":"https:\/\/bezbedanrad.rs\/index.php?rest_route=\/wp\/v2\/pages\/1051","targetHints":{"allow":["GET"]}}],"collection":[{"href":"https:\/\/bezbedanrad.rs\/index.php?rest_route=\/wp\/v2\/pages"}],"about":[{"href":"https:\/\/bezbedanrad.rs\/index.php?rest_route=\/wp\/v2\/types\/page"}],"author":[{"embeddable":true,"href":"https:\/\/bezbedanrad.rs\/index.php?rest_route=\/wp\/v2\/users\/2"}],"replies":[{"embeddable":true,"href":"https:\/\/bezbedanrad.rs\/index.php?rest_route=%2Fwp%2Fv2%2Fcomments&post=1051"}],"version-history":[{"count":7,"href":"https:\/\/bezbedanrad.rs\/index.php?rest_route=\/wp\/v2\/pages\/1051\/revisions"}],"predecessor-version":[{"id":1085,"href":"https:\/\/bezbedanrad.rs\/index.php?rest_route=\/wp\/v2\/pages\/1051\/revisions\/1085"}],"wp:attachment":[{"href":"https:\/\/bezbedanrad.rs\/index.php?rest_route=%2Fwp%2Fv2%2Fmedia&parent=1051"}],"curies":[{"name":"wp","href":"https:\/\/api.w.org\/{rel}","templated":true}]}}